{"id":18,"date":"2023-09-24T12:58:17","date_gmt":"2023-09-24T10:58:17","guid":{"rendered":"https:\/\/styl-metal.fr\/?page_id=18"},"modified":"2023-10-25T22:04:48","modified_gmt":"2023-10-25T20:04:48","slug":"accueil","status":"publish","type":"page","link":"https:\/\/styl-metal.fr\/","title":{"rendered":"Accueil"},"content":{"rendered":"\n<div class=\"wp-block-cover alignfull is-light\" style=\"min-height:720px;aspect-ratio:unset;\"><span aria-hidden=\"true\" class=\"wp-block-cover__background has-background-dim-100 has-background-dim has-background-gradient\" style=\"background:linear-gradient(35deg,rgb(6,0,151) 0%,rgb(130,4,255) 73%,rgb(193,15,255) 100%)\"><\/span><div class=\"wp-block-cover__inner-container is-layout-flow wp-block-cover-is-layout-flow\">\n<div class=\"inherit-container-width wp-block-group alignwide is-layout-constrained wp-block-group-is-layout-constrained\">\n<div class=\"wp-block-media-text alignwide has-media-on-the-right is-stacked-on-mobile is-vertically-aligned-center\" style=\"grid-template-columns:auto 43%\"><div class=\"wp-block-media-text__content\">\n<h1 class=\"wp-block-heading has-text-align-left has-white-color has-text-color\">Site en cours de r\u00e9alisation !<\/h1>\n\n\n\n<p class=\"has-text-align-left has-small-font-size\">STYL &#8211; METAL<\/p>\n\n\n\n<p class=\"has-text-align-left\"><strong>11 rue des Armilli\u00e8res<\/strong><\/p>\n\n\n\n<p class=\"has-text-align-left\"><strong>34150 GIGNAC<\/strong><\/p>\n\n\n\n<p class=\"has-text-align-left\"><strong>stylmetal@gmail.com<\/strong><\/p>\n\n\n\n<p class=\"has-text-align-left\"><strong>www.<\/strong><strong>styl-metal.fr<\/strong><\/p>\n\n\n\n<p class=\"has-text-align-left\"><strong>04 67 57 56 18<\/strong><\/p>\n\n\n\n<div class=\"wp-block-buttons is-layout-flex wp-block-buttons-is-layout-flex\">\n<div class=\"wp-block-button\"><a class=\"wp-block-button__link wp-element-button\" href=\"#\">Contact<\/a><\/div>\n<\/div>\n<\/div><figure class=\"wp-block-media-text__media\"><img loading=\"lazy\" decoding=\"async\" width=\"600\" height=\"637\" src=\"https:\/\/styl-metal.fr\/wp-content\/uploads\/2023\/09\/IMG_20200625_134700.jpg\" alt=\"\" class=\"wp-image-39 size-full\" srcset=\"https:\/\/styl-metal.fr\/wp-content\/uploads\/2023\/09\/IMG_20200625_134700.jpg 600w, https:\/\/styl-metal.fr\/wp-content\/uploads\/2023\/09\/IMG_20200625_134700-283x300.jpg 283w\" sizes=\"auto, (max-width: 600px) 100vw, 600px\" \/><\/figure><\/div>\n<\/div>\n<\/div><\/div>\n\n\n\n<div class=\"wp-block-group alignfull has-ast-global-color-5-background-color has-background is-layout-constrained wp-container-core-group-is-layout-9cedb757 wp-block-group-is-layout-constrained\" style=\"padding-bottom:0px\">\n<div class=\"wp-block-uagb-container uagb-block-b3aa7923 alignfull uagb-is-root-container\"><div class=\"uagb-container-inner-blocks-wrap\"><\/div><\/div>\n\n\n\n<div class=\"wp-block-columns are-vertically-aligned-top is-layout-flex wp-container-core-columns-is-layout-00723822 wp-block-columns-is-layout-flex\">\n<div class=\"wp-block-column is-vertically-aligned-top is-layout-flow wp-container-core-column-is-layout-6b73ce23 wp-block-column-is-layout-flow\">\n<figure class=\"wp-block-image size-large\"><img decoding=\"async\" src=\"https:\/\/styl-metal.fr\/wp-content\/themes\/astra\/inc\/assets\/images\/starter-content\/building.svg\" alt=\"\" class=\"wp-image-134\"\/><\/figure>\n\n\n\n<h3 class=\"wp-block-heading has-text-align-left\" style=\"margin-top:16px\">HISTORIQUE<\/h3>\n\n\n\n<p class=\"has-text-align-left\"><strong>STYL METAL est le sp\u00e9cialiste en ferronnerie, chaudronnerie et serrurerie \u00e0 Gignac (34) depuis plus de 10 ans,<\/strong> en continuit\u00e9 de l&rsquo;entreprise Simon Ferronnerie cr\u00e9ee en 1985. La client\u00e8le est rest\u00e9e fid\u00e8le \u00e0 son entreprise locale et n&rsquo;a cess\u00e9 d&rsquo;augmenter.<\/p>\n<\/div>\n\n\n\n<div class=\"wp-block-column is-vertically-aligned-top is-layout-flow wp-container-core-column-is-layout-6b73ce23 wp-block-column-is-layout-flow\">\n<figure class=\"wp-block-image size-large\"><img decoding=\"async\" src=\"https:\/\/styl-metal.fr\/wp-content\/themes\/astra\/inc\/assets\/images\/starter-content\/shopping-bag.svg\" alt=\"\" class=\"wp-image-135\"\/><\/figure>\n\n\n\n<h3 class=\"wp-block-heading has-text-align-left\" style=\"margin-top:16px\">FERRONNERIE<\/h3>\n\n\n\n<p>STYL METAL, votre professionnel de la ferronnerie artisanale et sur mesure. Que se soit un portail, un garde-corps, un escalier, une pergola ou m\u00eame du mobilier &#8230;.<\/p>\n\n\n\n<p>STYL METAL sublime votre domicile \u00e0 l&rsquo;int\u00e9rieur comme \u00e0 l&rsquo;ext\u00e9rieur avec passion et originalit\u00e9.<\/p>\n\n\n\n<p>STYL METAL effectue toutes vos envies et garantie la pose.<\/p>\n<\/div>\n\n\n\n<div class=\"wp-block-column is-vertically-aligned-top is-layout-flow wp-container-core-column-is-layout-6b73ce23 wp-block-column-is-layout-flow\">\n<figure class=\"wp-block-image size-large\"><img decoding=\"async\" src=\"https:\/\/styl-metal.fr\/wp-content\/themes\/astra\/inc\/assets\/images\/starter-content\/blog.svg\" alt=\"\" class=\"wp-image-136\"\/><\/figure>\n\n\n\n<h3 class=\"wp-block-heading has-text-align-left\" style=\"margin-top:16px\">SERRURERIE<\/h3>\n\n\n\n<p>Que vous soyez un particulier ou un professionnel, STYL METAL se d\u00e9place dans un rayon de 15 kms afin de r\u00e9aliser une intervention en serrurerie.<\/p>\n\n\n\n<p>STYLMETAL vend , pose, d\u00e9panne et remplace toutes les serrures&nbsp; (A2P *, ** ou 3 \u00e9toiles, de 3 \u00e0 10 points)<\/p>\n\n\n\n<p>Pour toute ouverture, il vous est propos\u00e9 tr\u00e8s rapidement une solution de s\u00e9curit\u00e9<\/p>\n<\/div>\n\n\n\n<div class=\"wp-block-column is-vertically-aligned-top is-layout-flow wp-container-core-column-is-layout-6b73ce23 wp-block-column-is-layout-flow\">\n<figure class=\"wp-block-image size-large\"><img decoding=\"async\" src=\"https:\/\/styl-metal.fr\/wp-content\/themes\/astra\/inc\/assets\/images\/starter-content\/portfolio.svg\" alt=\"\" class=\"wp-image-137\"\/><\/figure>\n\n\n\n<h3 class=\"wp-block-heading has-text-align-left\" style=\"margin-top:16px\">MOTORISATION &amp; CONTROLE D&rsquo;ACCES<\/h3>\n\n\n\n<p>STYLMETAL vous propose un large panel de motorisation et contr\u00f4le d&rsquo;acc\u00e8s<\/p>\n\n\n\n<ul class=\"wp-block-list\">\n<li>la motorisation de votre portillon, portail (coulissant ou battant) et porte de garage<\/li>\n\n\n\n<li>interphone, visiophone,<\/li>\n\n\n\n<li>Ouverture par badge, digicode<\/li>\n<\/ul>\n\n\n\n<p>Nous travaillons avec les plus grandes marques : BENINCA \u2026<\/p>\n\n\n\n<p>Garantie 4 ans constructeur<\/p>\n<\/div>\n<\/div>\n<\/div>\n\n\n\n<div class=\"wp-block-uagb-container uagb-block-9542d5a6 alignfull uagb-is-root-container\"><div class=\"uagb-container-inner-blocks-wrap\">\n\t\t\t<div class=\"wp-block-uagb-post-carousel uagb-post-grid  uagb-post__image-position-top uagb-post__image-enabled uagb-block-6a8bbf7e     uagb-post__arrow-outside uagb-post__items uagb-post__columns-3 is-carousel uagb-post__columns-tablet-2 uagb-post__columns-mobile-1\" data-total=\"0\" style=\"\">\n\n\t\t\t\t\t\t\t\t\t<p class=\"uagb-post__no-posts\">\n\t\t\t\t\t\tNo post found!\t\t\t\t\t<\/p>\n\t\t\t\t\t\t\t\t<\/div>\n\t\t\t<\/div><\/div>\n\n\n\n<h2 class=\"wp-block-heading\">REALISATIONS<\/h2>\n\n\n\n<div class=\"wp-block-columns is-layout-flex wp-container-core-columns-is-layout-60cbf9bb wp-block-columns-is-layout-flex\" style=\"margin-top:50px\">\n<div class=\"wp-block-column is-layout-flow wp-container-core-column-is-layout-6b73ce23 wp-block-column-is-layout-flow\">\n<figure class=\"wp-block-gallery has-nested-images columns-default is-cropped wp-block-gallery-1 is-layout-flex wp-block-gallery-is-layout-flex\">\n<figure class=\"wp-block-image size-full\"><img loading=\"lazy\" decoding=\"async\" width=\"600\" height=\"757\" data-id=\"41\" src=\"https:\/\/styl-metal.fr\/wp-content\/uploads\/2023\/09\/IMG_20200907_105144.jpg\" alt=\"\" class=\"wp-image-41\" srcset=\"https:\/\/styl-metal.fr\/wp-content\/uploads\/2023\/09\/IMG_20200907_105144.jpg 600w, https:\/\/styl-metal.fr\/wp-content\/uploads\/2023\/09\/IMG_20200907_105144-238x300.jpg 238w\" sizes=\"auto, (max-width: 600px) 100vw, 600px\" \/><\/figure>\n<\/figure>\n\n\n\n<h3 class=\"wp-block-heading\" style=\"margin-top:16px\">Escaliers<\/h3>\n\n\n\n<p><\/p>\n<\/div>\n\n\n\n<div class=\"wp-block-column is-layout-flow wp-container-core-column-is-layout-6b73ce23 wp-block-column-is-layout-flow\">\n<figure class=\"wp-block-gallery has-nested-images columns-default is-cropped wp-block-gallery-2 is-layout-flex wp-block-gallery-is-layout-flex\">\n<figure class=\"wp-block-image size-full\"><img loading=\"lazy\" decoding=\"async\" width=\"800\" height=\"685\" data-id=\"45\" src=\"https:\/\/styl-metal.fr\/wp-content\/uploads\/2023\/09\/20160901_165221.jpg\" alt=\"\" class=\"wp-image-45\" srcset=\"https:\/\/styl-metal.fr\/wp-content\/uploads\/2023\/09\/20160901_165221.jpg 800w, https:\/\/styl-metal.fr\/wp-content\/uploads\/2023\/09\/20160901_165221-300x257.jpg 300w, https:\/\/styl-metal.fr\/wp-content\/uploads\/2023\/09\/20160901_165221-768x658.jpg 768w\" sizes=\"auto, (max-width: 800px) 100vw, 800px\" \/><\/figure>\n<\/figure>\n\n\n\n<h3 class=\"wp-block-heading\" style=\"margin-top:16px\">Garde &#8211; Corps<\/h3>\n\n\n\n<p><\/p>\n<\/div>\n\n\n\n<div class=\"wp-block-column is-layout-flow wp-container-core-column-is-layout-6b73ce23 wp-block-column-is-layout-flow\">\n<figure class=\"wp-block-image size-full\"><img loading=\"lazy\" decoding=\"async\" width=\"800\" height=\"514\" src=\"https:\/\/styl-metal.fr\/wp-content\/uploads\/2023\/09\/IMG_20200207_113316.jpg\" alt=\"\" class=\"wp-image-46\" srcset=\"https:\/\/styl-metal.fr\/wp-content\/uploads\/2023\/09\/IMG_20200207_113316.jpg 800w, https:\/\/styl-metal.fr\/wp-content\/uploads\/2023\/09\/IMG_20200207_113316-300x193.jpg 300w, https:\/\/styl-metal.fr\/wp-content\/uploads\/2023\/09\/IMG_20200207_113316-768x493.jpg 768w\" sizes=\"auto, (max-width: 800px) 100vw, 800px\" \/><\/figure>\n\n\n\n<h3 class=\"wp-block-heading\" style=\"margin-top:16px\">Pergolas<\/h3>\n\n\n\n<p>.<\/p>\n<\/div>\n<\/div>\n\n\n\n<div class=\"wp-block-group alignfull has-ast-global-color-4-background-color has-background is-layout-constrained wp-container-core-group-is-layout-6a2cfb7b wp-block-group-is-layout-constrained\" id=\"reviews\">\n<figure class=\"wp-block-image aligncenter size-full\"><img loading=\"lazy\" decoding=\"async\" width=\"120\" height=\"120\" src=\"https:\/\/styl-metal.fr\/wp-content\/uploads\/2023\/09\/unnamed.png\" alt=\"\" class=\"wp-image-40\"\/><\/figure>\n\n\n\n<p class=\"has-text-align-center\" style=\"font-size:22px;line-height:1.6\">\u201cTr\u00e8s professionnel,comp\u00e9tence ! rapidit\u00e9 ! et en plus \u00e9quipe bien sympathique. Anthony et son coll\u00e8gue nous ont solutionn\u00e9 un d\u00e9fi technique que personne ne voulait relever.Merci encore \u00e0 Anthony et son \u00e9quipe On recommande les yeux ferm\u00e9s\u201d<\/p>\n\n\n\n<p class=\"has-text-align-center\">Eva.O<\/p>\n<\/div>\n\n\n\n<div class=\"wp-block-group alignfull has-background is-layout-constrained wp-container-core-group-is-layout-cfcca693 wp-block-group-is-layout-constrained\" id=\"contact\" style=\"background:linear-gradient(35deg,rgb(6,0,151) 0%,rgb(130,4,255) 64%,rgb(193,15,255) 98%);padding-top:104px;padding-bottom:104px\">\n<figure class=\"wp-block-image aligncenter size-full is-resized\"><img loading=\"lazy\" decoding=\"async\" width=\"512\" height=\"512\" src=\"https:\/\/styl-metal.fr\/wp-content\/uploads\/2023\/09\/cropped-cropped-LOGO-png.png\" alt=\"\" class=\"wp-image-23\" style=\"width:230px;height:230px\" srcset=\"https:\/\/styl-metal.fr\/wp-content\/uploads\/2023\/09\/cropped-cropped-LOGO-png.png 512w, https:\/\/styl-metal.fr\/wp-content\/uploads\/2023\/09\/cropped-cropped-LOGO-png-300x300.png 300w, https:\/\/styl-metal.fr\/wp-content\/uploads\/2023\/09\/cropped-cropped-LOGO-png-150x150.png 150w, https:\/\/styl-metal.fr\/wp-content\/uploads\/2023\/09\/cropped-cropped-LOGO-png-270x270.png 270w, https:\/\/styl-metal.fr\/wp-content\/uploads\/2023\/09\/cropped-cropped-LOGO-png-192x192.png 192w, https:\/\/styl-metal.fr\/wp-content\/uploads\/2023\/09\/cropped-cropped-LOGO-png-180x180.png 180w, https:\/\/styl-metal.fr\/wp-content\/uploads\/2023\/09\/cropped-cropped-LOGO-png-32x32.png 32w\" sizes=\"auto, (max-width: 512px) 100vw, 512px\" \/><\/figure>\n\n\n\n<h2 class=\"wp-block-heading has-text-align-center has-text-color\" style=\"color:#ffffff\">Contactez &#8211; Nous   <\/h2>\n\n\n\n<h2 class=\"wp-block-heading alignwide has-text-align-center has-text-color\" style=\"color:#ffffff\">stylmetal@gmail.com<\/h2>\n\n\n\n<p class=\"has-text-align-center has-ast-global-color-6-color has-text-color has-x-large-font-size\"><strong>04 67 57 56 18<\/strong><\/p>\n\n\n\n<ul class=\"wp-block-list\">\n<li><\/li>\n<\/ul>\n\n\n\n<div class=\"wp-block-buttons alignwide is-horizontal is-content-justification-center is-layout-flex wp-container-core-buttons-is-layout-bba8380a wp-block-buttons-is-layout-flex\" style=\"margin-top:50px\">\n<div class=\"wp-block-button\"><a class=\"wp-block-button__link wp-element-button\">Accueil<\/a><\/div>\n<\/div>\n<\/div>\n","protected":false},"excerpt":{"rendered":"<p>HISTORIQUE STYL METAL est le sp\u00e9cialiste en ferronnerie, chaudronnerie et serrurerie \u00e0 Gignac (34) depuis plus de 10 ans, en continuit\u00e9 de l&rsquo;entreprise Simon Ferronnerie cr\u00e9ee en 1985. La client\u00e8le est rest\u00e9e fid\u00e8le \u00e0 son entreprise locale et n&rsquo;a cess\u00e9 d&rsquo;augmenter. FERRONNERIE STYL METAL, votre professionnel de la ferronnerie artisanale et sur mesure. Que se &hellip;<\/p>\n<p class=\"read-more\"> <a class=\"\" href=\"https:\/\/styl-metal.fr\/\"> <span class=\"screen-reader-text\">Accueil<\/span> Lire la suite\u00a0\u00bb<\/a><\/p>\n","protected":false},"author":1,"featured_media":0,"parent":0,"menu_order":0,"comment_status":"closed","ping_status":"closed","template":"","meta":{"_uag_custom_page_level_css":"","site-sidebar-layout":"no-sidebar","site-content-layout":"plain-container","ast-site-content-layout":"","site-content-style":"default","site-sidebar-style":"default","ast-global-header-display":"","ast-banner-title-visibility":"","ast-main-header-display":"","ast-hfb-above-header-display":"","ast-hfb-below-header-display":"","ast-hfb-mobile-header-display":"","site-post-title":"disabled","ast-breadcrumbs-content":"","ast-featured-img":"","footer-sml-layout":"","theme-transparent-header-meta":"enabled","adv-header-id-meta":"","stick-header-meta":"","header-above-stick-meta":"","header-main-stick-meta":"","header-below-stick-meta":"","astra-migrate-meta-layouts":"","ast-page-background-enabled":"default","ast-page-background-meta":{"desktop":{"background-color":"var(--ast-global-color-4)","background-image":"","background-repeat":"repeat","background-position":"center center","background-size":"auto","background-attachment":"scroll","background-type":"","background-media":"","overlay-type":"","overlay-color":"","overlay-gradient":""},"tablet":{"background-color":"","background-image":"","background-repeat":"repeat","background-position":"center center","background-size":"auto","background-attachment":"scroll","background-type":"","background-media":"","overlay-type":"","overlay-color":"","overlay-gradient":""},"mobile":{"background-color":"","background-image":"","background-repeat":"repeat","background-position":"center center","background-size":"auto","background-attachment":"scroll","background-type":"","background-media":"","overlay-type":"","overlay-color":"","overlay-gradient":""}},"ast-content-background-meta":{"desktop":{"background-color":"var(--ast-global-color-5)","background-image":"","background-repeat":"repeat","background-position":"center center","background-size":"auto","background-attachment":"scroll","background-type":"","background-media":"","overlay-type":"","overlay-color":"","overlay-gradient":""},"tablet":{"background-color":"var(--ast-global-color-5)","background-image":"","background-repeat":"repeat","background-position":"center center","background-size":"auto","background-attachment":"scroll","background-type":"","background-media":"","overlay-type":"","overlay-color":"","overlay-gradient":""},"mobile":{"background-color":"var(--ast-global-color-5)","background-image":"","background-repeat":"repeat","background-position":"center center","background-size":"auto","background-attachment":"scroll","background-type":"","background-media":"","overlay-type":"","overlay-color":"","overlay-gradient":""}},"footnotes":""},"class_list":["post-18","page","type-page","status-publish","hentry"],"uagb_featured_image_src":{"full":false,"thumbnail":false,"medium":false,"medium_large":false,"large":false,"1536x1536":false,"2048x2048":false},"uagb_author_info":{"display_name":"admin3231","author_link":"https:\/\/styl-metal.fr\/?author=1"},"uagb_comment_info":0,"uagb_excerpt":"HISTORIQUE STYL METAL est le sp\u00e9cialiste en ferronnerie, chaudronnerie et serrurerie \u00e0 Gignac (34) depuis plus de 10 ans, en continuit\u00e9 de l&rsquo;entreprise Simon Ferronnerie cr\u00e9ee en 1985. La client\u00e8le est rest\u00e9e fid\u00e8le \u00e0 son entreprise locale et n&rsquo;a cess\u00e9 d&rsquo;augmenter. FERRONNERIE STYL METAL, votre professionnel de la ferronnerie artisanale et sur mesure. Que se\u2026","_links":{"self":[{"href":"https:\/\/styl-metal.fr\/index.php?rest_route=\/wp\/v2\/pages\/18","targetHints":{"allow":["GET"]}}],"collection":[{"href":"https:\/\/styl-metal.fr\/index.php?rest_route=\/wp\/v2\/pages"}],"about":[{"href":"https:\/\/styl-metal.fr\/index.php?rest_route=\/wp\/v2\/types\/page"}],"author":[{"embeddable":true,"href":"https:\/\/styl-metal.fr\/index.php?rest_route=\/wp\/v2\/users\/1"}],"replies":[{"embeddable":true,"href":"https:\/\/styl-metal.fr\/index.php?rest_route=%2Fwp%2Fv2%2Fcomments&post=18"}],"version-history":[{"count":7,"href":"https:\/\/styl-metal.fr\/index.php?rest_route=\/wp\/v2\/pages\/18\/revisions"}],"predecessor-version":[{"id":91,"href":"https:\/\/styl-metal.fr\/index.php?rest_route=\/wp\/v2\/pages\/18\/revisions\/91"}],"wp:attachment":[{"href":"https:\/\/styl-metal.fr\/index.php?rest_route=%2Fwp%2Fv2%2Fmedia&parent=18"}],"curies":[{"name":"wp","href":"https:\/\/api.w.org\/{rel}","templated":true}]}}